{"id":818,"date":"2021-06-01T12:02:35","date_gmt":"2021-06-01T12:02:35","guid":{"rendered":"https:\/\/nomadspro.com\/cartas\/?page_id=818"},"modified":"2021-06-04T12:10:08","modified_gmt":"2021-06-04T12:10:08","slug":"oasis-shisha-lounge","status":"publish","type":"page","link":"https:\/\/nomadspro.com\/cartas\/oasis-shisha-lounge\/","title":{"rendered":"Oasis Shisha Lounge"},"content":{"rendered":"<p>[vc_row full_width=\u00bbstretch_row_content\u00bb el_class=\u00bbcarta\u00bb css=\u00bb.vc_custom_1622806750267{margin-top: -40px !important;margin-right: -10px !important;margin-left: -10px !important;}\u00bb][vc_column][vc_single_image image=\u00bb821&#8243; img_size=\u00bbfull\u00bb css=\u00bb.vc_custom_1622806985348{margin-right: 5px !important;margin-bottom: 0px !important;margin-left: 5px !important;border-bottom-width: 0px !important;padding-bottom: 0px !important;}\u00bb][\/vc_column][\/vc_row][vc_row bg_type=\u00bbimage\u00bb parallax_style=\u00bbvcpb-vz-jquery\u00bb bg_image_new=\u00bbid^853|url^https:\/\/nomadspro.com\/cartas\/wp-content\/uploads\/2021\/06\/fondo-carta-2.png|caption^null|alt^null|title^fondo carta 2|description^null\u00bb el_class=\u00bbcarta\u00bb css=\u00bb.vc_custom_1622805636460{background-color: #ffffff !important;}\u00bb][vc_column css=\u00bb.vc_custom_1622806424720{margin-top: -20px !important;}\u00bb][vc_accordion active_tab=\u00bbfalse\u00bb collapsible=\u00bbyes\u00bb title_size=\u00bbh3&#8243; style=\u00bb3&#8243;][vc_accordion_tab title=\u00bbGINEBRAS\u00bb][vc_column_text]<\/p>\n<table style=\"border-collapse: collapse; width: 100%;\" border=\"1\">\n<tbody>\n<tr>\n<td style=\"width: 61.3838%;\">TANQUERAY<\/td>\n<td style=\"width: 48.7805%; text-align: center;\"><strong>\u00a05,00 \u20ac<\/strong><\/td>\n<\/tr>\n<tr>\n<td style=\"width: 61.3838%;\">TANQUERAY SEVILLA<\/td>\n<td style=\"width: 48.7805%; text-align: center;\"><strong>\u00a05,00 \u20ac<\/strong><\/td>\n<\/tr>\n<tr>\n<td style=\"width: 61.3838%;\">LARIOS<\/td>\n<td style=\"width: 48.7805%; text-align: center;\"><strong>\u00a05,00 \u20ac<\/strong><\/td>\n<\/tr>\n<tr>\n<td style=\"width: 61.3838%;\">BEEFETER<\/td>\n<td style=\"width: 48.7805%; text-align: center;\"><strong>\u00a05,00 \u20ac<\/strong><\/td>\n<\/tr>\n<tr>\n<td style=\"width: 61.3838%;\">GORDON\u00b4S<\/td>\n<td style=\"width: 48.7805%; text-align: center;\"><strong>\u00a05,00 \u20ac<\/strong><\/td>\n<\/tr>\n<tr>\n<td style=\"width: 61.3838%;\">LARIOS ROSE<\/td>\n<td style=\"width: 48.7805%; text-align: center;\"><strong>\u00a05,00 \u20ac<\/strong><\/td>\n<\/tr>\n<tr>\n<td style=\"width: 61.3838%;\">RIVES<\/td>\n<td style=\"width: 48.7805%; text-align: center;\"><strong>\u00a05,00 \u20ac<\/strong><\/td>\n<\/tr>\n<tr>\n<td style=\"width: 61.3838%;\">BOMBAY<\/td>\n<td style=\"width: 48.7805%; text-align: center;\"><strong>\u00a05,00 \u20ac<\/strong><\/td>\n<\/tr>\n<tr>\n<td style=\"width: 61.3838%;\">EXOTICA 1980<\/td>\n<td style=\"width: 48.7805%; text-align: center;\"><strong>\u00a05,00 \u20ac<\/strong><\/td>\n<\/tr>\n<tr>\n<td style=\"width: 61.3838%;\">SEAGRAM\u00b4S<\/td>\n<td style=\"width: 48.7805%; text-align: center;\"><strong>\u00a05,00 \u20ac<\/strong><\/td>\n<\/tr>\n<tr>\n<td style=\"width: 61.3838%;\">INFINITY<\/td>\n<td style=\"width: 48.7805%; text-align: center;\"><b>5,00 \u20ac<\/b><\/td>\n<\/tr>\n<tr>\n<td style=\"width: 61.3838%;\">TANQUERAY TEN<\/td>\n<td style=\"width: 48.7805%; text-align: center;\"><strong>\u00a06,00 \u20ac<\/strong><\/td>\n<\/tr>\n<tr>\n<td style=\"width: 61.3838%;\">RIVES ESPECIAL<\/td>\n<td style=\"width: 48.7805%; text-align: center;\"><strong>\u00a07,00 \u20ac<\/strong><\/td>\n<\/tr>\n<tr>\n<td style=\"width: 61.3838%;\">BROCKMAN\u00b4S<\/td>\n<td style=\"width: 48.7805%; text-align: center;\"><strong>\u00a08,00 \u20ac<\/strong><\/td>\n<\/tr>\n<tr>\n<td style=\"width: 61.3838%;\">HENDRICKS<\/td>\n<td style=\"width: 48.7805%; text-align: center;\"><strong>\u00a08,00 \u20ac<\/strong><\/td>\n<\/tr>\n<tr>\n<td style=\"width: 61.3838%;\">CITADELLE<\/td>\n<td style=\"width: 48.7805%; text-align: center;\"><strong>\u00a08,00 \u20ac<\/strong><\/td>\n<\/tr>\n<tr>\n<td style=\"width: 61.3838%;\">MARTIN MILLER<\/td>\n<td style=\"width: 48.7805%; text-align: center;\"><strong>\u00a08,00 \u20ac<\/strong><\/td>\n<\/tr>\n<tr>\n<td style=\"width: 61.3838%;\">BULLDOG<\/td>\n<td style=\"width: 48.7805%; text-align: center;\"><strong>\u00a08,00 \u20ac<\/strong><\/td>\n<\/tr>\n<tr>\n<td style=\"width: 61.3838%;\">MOMBASA<\/td>\n<td style=\"width: 48.7805%; text-align: center;\"><strong>\u00a07,00 \u20ac<\/strong><\/td>\n<\/tr>\n<tr>\n<td style=\"width: 61.3838%;\">BOMBAY SAPHIRE<\/td>\n<td style=\"width: 48.7805%; text-align: center;\"><strong>\u00a06,00 \u20ac<\/strong><\/td>\n<\/tr>\n<tr>\n<td style=\"width: 61.3838%;\">G\u00b4VINE<\/td>\n<td style=\"width: 48.7805%; text-align: center;\"><strong>\u00a09,00 \u20ac<\/strong><\/td>\n<\/tr>\n<\/tbody>\n<\/table>\n<p>[\/vc_column_text][\/vc_accordion_tab][vc_accordion_tab title=\u00bbRON\u00bb][vc_column_text]<\/p>\n<table style=\"border-collapse: collapse; width: 100%;\" border=\"1\">\n<tbody>\n<tr>\n<td style=\"width: 64.4141%;\">BARCEL\u00d3<\/td>\n<td style=\"width: 67.9272%; text-align: center;\"><strong>\u00a05,00 \u20ac<\/strong><\/td>\n<\/tr>\n<tr>\n<td style=\"width: 64.4141%;\">LEGENDARIO<\/td>\n<td style=\"width: 67.9272%; text-align: center;\"><strong>\u00a05,00 \u20ac<\/strong><\/td>\n<\/tr>\n<tr>\n<td style=\"width: 64.4141%;\">BRUGAL<\/td>\n<td style=\"width: 67.9272%; text-align: center;\"><strong>\u00a05,00 \u20ac<\/strong><\/td>\n<\/tr>\n<tr>\n<td style=\"width: 64.4141%;\">CAPITAN MORGAN<\/td>\n<td style=\"width: 67.9272%; text-align: center;\"><strong>\u00a05,00 \u20ac<\/strong><\/td>\n<\/tr>\n<tr>\n<td style=\"width: 64.4141%;\">PAMPERO<\/td>\n<td style=\"width: 67.9272%; text-align: center;\"><strong>\u00a05,00 \u20ac<\/strong><\/td>\n<\/tr>\n<tr>\n<td style=\"width: 64.4141%;\">RITUAL<\/td>\n<td style=\"width: 67.9272%; text-align: center;\"><strong>\u00a05,00 \u20ac<\/strong><\/td>\n<\/tr>\n<tr>\n<td style=\"width: 64.4141%;\">CACIQUE<\/td>\n<td style=\"width: 67.9272%; text-align: center;\"><strong>\u00a05,00 \u20ac<\/strong><\/td>\n<\/tr>\n<tr>\n<td style=\"width: 64.4141%;\">SANTA TERESA<\/td>\n<td style=\"width: 67.9272%; text-align: center;\"><strong>\u00a05,00 \u20ac<\/strong><\/td>\n<\/tr>\n<tr>\n<td style=\"width: 64.4141%;\">BACARDI<\/td>\n<td style=\"width: 67.9272%; text-align: center;\"><strong>\u00a05,00 \u20ac<\/strong><\/td>\n<\/tr>\n<tr>\n<td style=\"width: 64.4141%;\">ZACAPA<\/td>\n<td style=\"width: 67.9272%; text-align: center;\"><strong>\u00a09,00 \u20ac<\/strong><\/td>\n<\/tr>\n<tr>\n<td style=\"width: 64.4141%;\">BARCEL\u00d3 IMPERIAL<\/td>\n<td style=\"width: 67.9272%; text-align: center;\"><strong>\u00a07,00 \u20ac<\/strong><\/td>\n<\/tr>\n<tr>\n<td style=\"width: 64.4141%;\">HAVANA CLUB 7<\/td>\n<td style=\"width: 67.9272%; text-align: center;\"><strong>\u00a06,00 \u20ac<\/strong><\/td>\n<\/tr>\n<tr>\n<td style=\"width: 64.4141%;\">BRUGAL EXTRA VIEJO<\/td>\n<td style=\"width: 67.9272%; text-align: center;\"><strong>\u00a07,00 \u20ac<\/strong><\/td>\n<\/tr>\n<tr>\n<td style=\"width: 64.4141%;\">CACIQUE 500<\/td>\n<td style=\"width: 67.9272%; text-align: center;\"><strong>\u00a06,00 \u20ac<\/strong><\/td>\n<\/tr>\n<\/tbody>\n<\/table>\n<p>[\/vc_column_text][\/vc_accordion_tab][vc_accordion_tab title=\u00bbWHISKY\u00bb][vc_column_text]<\/p>\n<table style=\"border-collapse: collapse; width: 100%;\" border=\"1\">\n<tbody>\n<tr>\n<td style=\"width: 70.9633%;\">JB<\/td>\n<td style=\"width: 64.9123%; text-align: center;\"><strong>\u00a05,00 \u20ac<\/strong><\/td>\n<\/tr>\n<tr>\n<td style=\"width: 70.9633%;\">BALLANTINES<\/td>\n<td style=\"width: 64.9123%; text-align: center;\"><strong>\u00a05,00 \u20ac<\/strong><\/td>\n<\/tr>\n<tr>\n<td style=\"width: 70.9633%;\">WHITE LABEL<\/td>\n<td style=\"width: 64.9123%; text-align: center;\"><strong>\u00a05,00 \u20ac<\/strong><\/td>\n<\/tr>\n<tr>\n<td style=\"width: 70.9633%;\">JHONNIE WALKER<\/td>\n<td style=\"width: 64.9123%; text-align: center;\"><strong>\u00a05,00 \u20ac<\/strong><\/td>\n<\/tr>\n<tr>\n<td style=\"width: 70.9633%;\">DYC<\/td>\n<td style=\"width: 64.9123%; text-align: center;\"><strong>\u00a05,00 \u20ac<\/strong><\/td>\n<\/tr>\n<tr>\n<td style=\"width: 70.9633%;\">CUTTY SARK<\/td>\n<td style=\"width: 64.9123%; text-align: center;\"><strong>\u00a05,00 \u20ac<\/strong><\/td>\n<\/tr>\n<tr>\n<td style=\"width: 70.9633%;\">JAMESON<\/td>\n<td style=\"width: 64.9123%; text-align: center;\"><strong>\u00a05,00 \u20ac<\/strong><\/td>\n<\/tr>\n<tr>\n<td style=\"width: 70.9633%;\">100 PIPERS<\/td>\n<td style=\"width: 64.9123%; text-align: center;\"><strong>\u00a05,00 \u20ac<\/strong><\/td>\n<\/tr>\n<tr>\n<td style=\"width: 70.9633%;\">FOUR ROSES<\/td>\n<td style=\"width: 64.9123%; text-align: center;\"><strong>\u00a05,00 \u20ac<\/strong><\/td>\n<\/tr>\n<tr>\n<td style=\"width: 70.9633%;\">JACK DANIELS<\/td>\n<td style=\"width: 64.9123%; text-align: center;\"><strong>\u00a06,00 \u20ac<\/strong><\/td>\n<\/tr>\n<tr>\n<td style=\"width: 70.9633%;\">JOHNNIE WALKER NEGRO<\/td>\n<td style=\"width: 64.9123%; text-align: center;\"><strong>\u00a06,00 \u20ac<\/strong><\/td>\n<\/tr>\n<tr>\n<td style=\"width: 70.9633%;\">JOHNNIE WALKER GOLD<\/td>\n<td style=\"width: 64.9123%; text-align: center;\"><strong>\u00a09,00 \u20ac<\/strong><\/td>\n<\/tr>\n<tr>\n<td style=\"width: 70.9633%;\">CARDHU 12<\/td>\n<td style=\"width: 64.9123%; text-align: center;\"><strong>\u00a08,00 \u20ac<\/strong><\/td>\n<\/tr>\n<tr>\n<td style=\"width: 70.9633%;\">CHIVAS 12<\/td>\n<td style=\"width: 64.9123%; text-align: center;\"><strong>\u00a08,00 \u20ac<\/strong><\/td>\n<\/tr>\n<tr>\n<td style=\"width: 70.9633%;\">MACALLAN<\/td>\n<td style=\"width: 64.9123%; text-align: center;\"><strong>\u00a015,00 \u20ac<\/strong><\/td>\n<\/tr>\n<\/tbody>\n<\/table>\n<p>[\/vc_column_text][\/vc_accordion_tab][vc_accordion_tab title=\u00bbCHAMPAGNE\u00bb][vc_column_text]<\/p>\n<table style=\"border-collapse: collapse; width: 100%;\" border=\"1\">\n<tbody>\n<tr>\n<td style=\"width: 67.9325%;\">MUMM<\/td>\n<td style=\"width: 22.4105%; text-align: center;\"><strong>\u00a050,00 \u20ac<\/strong><\/td>\n<\/tr>\n<tr>\n<td style=\"width: 67.9325%;\"><span style=\"vertical-align: inherit;\">M\u00d6ET CHANDON IMPERIAL<\/span><\/td>\n<td style=\"width: 22.4105%; text-align: center;\"><strong>\u00a060,00 \u20ac<\/strong><\/td>\n<\/tr>\n<tr>\n<td style=\"width: 67.9325%;\"><span style=\"vertical-align: inherit;\">M\u00d6ET CHANDON ROSA<\/span><\/td>\n<td style=\"width: 22.4105%; text-align: center;\"><strong>\u00a070,00 \u20ac<\/strong><\/td>\n<\/tr>\n<tr>\n<td style=\"width: 67.9325%;\"><span style=\"vertical-align: inherit;\">M\u00d6ET CHANDON IE<\/span><\/td>\n<td style=\"width: 22.4105%; text-align: center;\"><strong>\u00a080,00 \u20ac<\/strong><\/td>\n<\/tr>\n<\/tbody>\n<\/table>\n<p>[\/vc_column_text][\/vc_accordion_tab][vc_accordion_tab title=\u00bbVODKA\u00bb][vc_column_text]<\/p>\n<table style=\"border-collapse: collapse; width: 100%;\" border=\"1\">\n<tbody>\n<tr>\n<td style=\"width: 67.9325%;\">SMIRNOFF<\/td>\n<td style=\"width: 22.4105%; text-align: center;\"><strong>\u00a05,00 \u20ac<\/strong><\/td>\n<\/tr>\n<tr>\n<td style=\"width: 67.9325%;\">ERISTOFF<\/td>\n<td style=\"width: 22.4105%; text-align: center;\"><strong>\u00a05,00 \u20ac<\/strong><\/td>\n<\/tr>\n<tr>\n<td style=\"width: 67.9325%;\">ERISTOFF BLACK<\/td>\n<td style=\"width: 22.4105%; text-align: center;\"><strong>\u00a05,00 \u20ac<\/strong><\/td>\n<\/tr>\n<tr>\n<td style=\"width: 67.9325%;\">VOX<\/td>\n<td style=\"width: 22.4105%; text-align: center;\"><strong>\u00a05,00 \u20ac<\/strong><\/td>\n<\/tr>\n<tr>\n<td style=\"width: 67.9325%;\">ABSOLUT<\/td>\n<td style=\"width: 22.4105%; text-align: center;\"><strong>\u00a05,00 \u20ac<\/strong><\/td>\n<\/tr>\n<tr>\n<td style=\"width: 67.9325%;\">CIROC<\/td>\n<td style=\"width: 22.4105%; text-align: center;\"><strong>\u00a06,00 \u20ac<\/strong><\/td>\n<\/tr>\n<tr>\n<td style=\"width: 67.9325%;\">GREY GOOSE<\/td>\n<td style=\"width: 22.4105%; text-align: center;\"><strong>\u00a08,00 \u20ac<\/strong><\/td>\n<\/tr>\n<tr>\n<td style=\"width: 67.9325%;\">BELVEDERE<\/td>\n<td style=\"width: 22.4105%; text-align: center;\"><strong>\u00a08,00 \u20ac<\/strong><\/td>\n<\/tr>\n<tr>\n<td style=\"width: 67.9325%;\">ROBERTO CAVALI<\/td>\n<td style=\"width: 22.4105%; text-align: center;\"><strong>\u00a09,00 \u20ac<\/strong><\/td>\n<\/tr>\n<tr>\n<td style=\"width: 67.9325%;\">CIROC SABOR<\/td>\n<td style=\"width: 22.4105%; text-align: center;\"><strong>\u00a07,00 \u20ac<\/strong><\/td>\n<\/tr>\n<\/tbody>\n<\/table>\n<p>[\/vc_column_text][\/vc_accordion_tab][vc_accordion_tab title=\u00bbLICORES\u00bb][vc_column_text]<\/p>\n<table style=\"border-collapse: collapse; width: 100%;\" border=\"1\">\n<tbody>\n<tr>\n<td style=\"width: 54.0151%;\">PACHAR\u00c1N<\/td>\n<td style=\"width: 28.2118%; text-align: center;\"><strong>\u00a03,00 \u20ac<\/strong><\/td>\n<\/tr>\n<tr>\n<td style=\"width: 54.0151%;\">BACARD\u00cd<\/td>\n<td style=\"width: 28.2118%; text-align: center;\"><strong>\u00a05,00 \u20ac<\/strong><\/td>\n<\/tr>\n<tr>\n<td style=\"width: 54.0151%;\">MARTINI<\/td>\n<td style=\"width: 28.2118%; text-align: center;\"><strong>\u00a05,00 \u20ac<\/strong><\/td>\n<\/tr>\n<tr>\n<td style=\"width: 54.0151%;\">BAILLEIS<\/td>\n<td style=\"width: 28.2118%; text-align: center;\"><strong>\u00a05,00 \u20ac<\/strong><\/td>\n<\/tr>\n<tr>\n<td style=\"width: 54.0151%;\">JAGERMEISTER<\/td>\n<td style=\"width: 28.2118%; text-align: center;\"><strong>\u00a02,00 \u20ac<\/strong><\/td>\n<\/tr>\n<tr>\n<td style=\"width: 54.0151%;\">COINTREAU<\/td>\n<td style=\"width: 28.2118%; text-align: center;\"><strong>\u00a04,00 \u20ac<\/strong><\/td>\n<\/tr>\n<tr>\n<td style=\"width: 54.0151%;\">CACHACA<\/td>\n<td style=\"width: 28.2118%; text-align: center;\"><strong>\u00a04,00 \u20ac<\/strong><\/td>\n<\/tr>\n<tr>\n<td style=\"width: 54.0151%;\">ANIS<\/td>\n<td style=\"width: 28.2118%; text-align: center;\"><strong>\u00a02,00 \u20ac<\/strong><\/td>\n<\/tr>\n<tr>\n<td style=\"width: 54.0151%;\">LICOR 43<\/td>\n<td style=\"width: 28.2118%; text-align: center;\"><strong>\u00a05,00 \u20ac<\/strong><\/td>\n<\/tr>\n<tr>\n<td style=\"width: 54.0151%;\">DISARONNO<\/td>\n<td style=\"width: 28.2118%; text-align: center;\"><strong>\u00a05,00 \u20ac<\/strong><\/td>\n<\/tr>\n<tr>\n<td style=\"width: 54.0151%;\">RIVES (SIN ALCOHOL)<\/td>\n<td style=\"width: 28.2118%; text-align: center;\"><strong>\u00a02,00 \u20ac<\/strong><\/td>\n<\/tr>\n<tr>\n<td style=\"width: 54.0151%;\">MIURA<\/td>\n<td style=\"width: 28.2118%; text-align: center;\"><strong>\u00a03,00 \u20ac<\/strong><\/td>\n<\/tr>\n<\/tbody>\n<\/table>\n<p>[\/vc_column_text][\/vc_accordion_tab][vc_accordion_tab title=\u00bbCOCKTAILS\u00bb][vc_column_text]<\/p>\n<table style=\"border-collapse: collapse; width: 100%;\" border=\"1\">\n<tbody>\n<tr>\n<td style=\"width: 61.0148%;\">MOJITO<\/td>\n<td style=\"width: 16.978%; text-align: center;\"><strong>\u00a05,00 \u20ac<\/strong><\/td>\n<\/tr>\n<tr>\n<td style=\"width: 61.0148%;\">MOJITO SABOR (FRESA, SANDIA O MEL\u00d3N<\/td>\n<td style=\"width: 16.978%; text-align: center;\"><strong>\u00a05,00 \u20ac<\/strong><\/td>\n<\/tr>\n<tr>\n<td style=\"width: 61.0148%;\">CAIPIRI\u00d1A (CACHACA)<\/td>\n<td style=\"width: 16.978%; text-align: center;\"><strong>\u00a05,00 \u20ac<\/strong><\/td>\n<\/tr>\n<tr>\n<td style=\"width: 61.0148%;\">CAIPIROSKA (VODKA)<\/td>\n<td style=\"width: 16.978%; text-align: center;\"><strong>\u00a05,00 \u20ac<\/strong><\/td>\n<\/tr>\n<tr>\n<td style=\"width: 61.0148%;\">DAIQUIRI (MANGO, FRESA, PL\u00c1TANO, MEL\u00d3N, SAND\u00cdA, KIWI, COCO O PI\u00d1A)<\/td>\n<td style=\"width: 16.978%; text-align: center;\"><strong>\u00a05,00 \u20ac<\/strong><\/td>\n<\/tr>\n<tr>\n<td style=\"width: 61.0148%;\">PILARUCA (RON, SANDIA, FRESA Y PL\u00c1TANO)<\/td>\n<td style=\"width: 16.978%; text-align: center;\"><strong>\u00a05,00 \u20ac<\/strong><\/td>\n<\/tr>\n<tr>\n<td style=\"width: 61.0148%;\">OASIS (DISARONNO, FRESA Y PL\u00c1TANO)<\/td>\n<td style=\"width: 16.978%; text-align: center;\"><strong>\u00a05,00 \u20ac<\/strong><\/td>\n<\/tr>\n<tr>\n<td style=\"width: 61.0148%;\">TROPICAL (RON, MANGO, KIWI Y NARANJA)<\/td>\n<td style=\"width: 16.978%; text-align: center;\"><strong>5,00 \u20ac<\/strong><\/td>\n<\/tr>\n<tr>\n<td style=\"width: 61.0148%;\">PI\u00d1A COLADA (RON BLANCO, PI\u00d1A, COCO Y CANELA)<\/td>\n<td style=\"width: 16.978%; text-align: center;\"><strong>5,00 \u20ac<\/strong><\/td>\n<\/tr>\n<tr>\n<td style=\"width: 61.0148%;\">HAWAII (COINTREAU, TEQUILA, LIMA, MANGO)<\/td>\n<td style=\"width: 16.978%; text-align: center;\"><strong>5,00 \u20ac<\/strong><\/td>\n<\/tr>\n<tr>\n<td style=\"width: 61.0148%;\">BORA BORA (RON, MALIB\u00da, BANANA,PI\u00d1A)<\/td>\n<td style=\"width: 16.978%; text-align: center;\"><strong>5,00 \u20ac<\/strong><\/td>\n<\/tr>\n<tr>\n<td style=\"width: 61.0148%;\">GRETA COCKTAIL (RON, SAND\u00cdA MEL\u00d3N, BLUE TROPIC)<\/td>\n<td style=\"width: 16.978%; text-align: center;\"><strong>5,00 \u20ac<\/strong><\/td>\n<\/tr>\n<tr>\n<td style=\"width: 61.0148%;\">SAN FRANCISCO (ZUMO DE PI\u00d1A, NARANJA, MELOCOT\u00d3N, GRANADINA Y VODKA)<\/td>\n<td style=\"width: 16.978%; text-align: center;\"><strong>5,00 \u20ac<\/strong><\/td>\n<\/tr>\n<\/tbody>\n<\/table>\n<p>[\/vc_column_text][\/vc_accordion_tab][vc_accordion_tab title=\u00bbBATIDOS\u00bb][vc_column_text]<\/p>\n<table style=\"border-collapse: collapse; width: 100%;\" border=\"1\">\n<tbody>\n<tr>\n<td style=\"width: 64.0553%;\">BATIDO HELADO (FRESA,VAINILLA O CHOCOLATE)<\/td>\n<td style=\"width: 13.9375%; text-align: center;\"><strong>\u00a04,00 \u20ac<\/strong><\/td>\n<\/tr>\n<tr>\n<td style=\"width: 64.0553%;\">BATIDO PREMIUM (OREO, KINDER, HUESITOS O FILIPINOS)<\/td>\n<td style=\"width: 13.9375%; text-align: center;\"><strong>\u00a05,00 \u20ac<\/strong><\/td>\n<\/tr>\n<tr>\n<td style=\"width: 64.0553%;\">MOSTER OASIS. DELICIOSO BATIDO HELADO, ACOMPA\u00d1ADO DE KINDER, HUESITOS, GOFRE, NATA Y FILIPINOS<\/td>\n<td style=\"width: 13.9375%; text-align: center;\"><strong>\u00a07,00 \u20ac<\/strong><\/td>\n<\/tr>\n<\/tbody>\n<\/table>\n<p>[\/vc_column_text][\/vc_accordion_tab][\/vc_accordion][vc_single_image image=\u00bb843&#8243; alignment=\u00bbcenter\u00bb]<div class=\" vc_custom_1622796135767 uavc-icons-center uavc-icons \">\n<a class=\"aio-tooltip 69d078468e275\" href=\"tel:+34636146523\" target=\"_blank\" rel=\"noopener\"  data-toggle=\"tooltip\" data-placement=\"\" title=\"\"><div class=\"aio-icon circle \" data-animation=\"\" data-animation-delay=\"03\" style=\"color:#ffffff;background:#b71c1c;font-size:24px;margin-right:7px;\">\n\t<i class=\"icomoon-the7-font-the7-phone-05\"><\/i>\n<\/div><\/a>\n<a class=\"aio-tooltip 69d078468e39c\" href=\"https:\/\/www.instagram.com\/oasis.shishalounge\/\" target=\"_blank\" rel=\"noopener\"  data-toggle=\"tooltip\" data-placement=\"\" title=\"\"><div class=\"aio-icon circle \" data-animation=\"\" data-animation-delay=\"03\" style=\"color:#ffffff;background:#f70147;font-size:24px;margin-right:7px;\">\n\t<i class=\"icomoon-the7-font-instagram\"><\/i>\n<\/div><\/a>\n<a class=\"aio-tooltip 69d078468e3e5\" href=\"https:\/\/www.facebook.com\/oasis.shishalounge\" target=\"_blank\" rel=\"noopener\"  data-toggle=\"tooltip\" data-placement=\"\" title=\"\"><div class=\"aio-icon circle \" data-animation=\"\" data-animation-delay=\"03\" style=\"color:#ffffff;background:#4267b2;font-size:24px;margin-right:7px;\">\n\t<i class=\"icomoon-the7-font-facebook\"><\/i>\n<\/div><\/a>\n<a class=\"aio-tooltip 69d078468e40f\" href=\"https:\/\/www.google.com\/maps\/dir\/\/OASIS+Shisha+Lounge,+Calle+Secoya,+41020+Sevilla\/@37.4075079,-5.9364608,17z\/data=!4m9!4m8!1m0!1m5!1m1!1s0xd12696894bca27b:0x4b6c6e6db62c74f!2m2!1d-5.9342436!2d37.4074933!3e0\" target=\"_blank\" rel=\"noopener\"  data-toggle=\"tooltip\" data-placement=\"\" title=\"\"><div class=\"aio-icon circle \" data-animation=\"\" data-animation-delay=\"03\" style=\"color:#ffffff;background:#333333;font-size:24px;margin-right:0px;\">\n\t<i class=\"icomoon-the7-font-the7-map-02\"><\/i>\n<\/div><\/a><\/div>[vc_column_text el_class=\u00bbcarta\u00bb css=\u00bb.vc_custom_1622796097298{margin-bottom: -30px !important;}\u00bb]<\/p>\n<p style=\"text-align: center;\">\u00bfQuieres una carta as\u00ed para tu negocio?<br \/>\nHaz <a href=\"https:\/\/nomadspro.com\/cartas\/\" target=\"_blank\" rel=\"noopener noreferrer\">click aqu\u00ed<\/a> e inf\u00f3rmate.[\/vc_column_text][\/vc_column][\/vc_row]<\/p>\n","protected":false},"excerpt":{"rendered":"<p>[vc_row full_width=\u00bbstretch_row_content\u00bb el_class=\u00bbcarta\u00bb css=\u00bb.vc_custom_1622806750267{margin-top: -40px !important;margin-right: -10px !important;margin-left: -10px !important;}\u00bb][vc_column][vc_single_image image=\u00bb821&#8243; img_size=\u00bbfull\u00bb css=\u00bb.vc_custom_1622806985348{margin-right: 5px !important;margin-bottom: 0px !important;margin-left: 5px !important;border-bottom-width: 0px !important;padding-bottom: 0px !important;}\u00bb][\/vc_column][\/vc_row][vc_row bg_type=\u00bbimage\u00bb parallax_style=\u00bbvcpb-vz-jquery\u00bb bg_image_new=\u00bbid^853|url^https:\/\/nomadspro.com\/cartas\/wp-content\/uploads\/2021\/06\/fondo-carta-2.png|caption^null|alt^null|title^fondo carta 2|description^null\u00bb el_class=\u00bbcarta\u00bb css=\u00bb.vc_custom_1622805636460{background-color: #ffffff !important;}\u00bb][vc_column css=\u00bb.vc_custom_1622806424720{margin-top: -20px !important;}\u00bb][vc_accordion active_tab=\u00bbfalse\u00bb collapsible=\u00bbyes\u00bb title_size=\u00bbh3&#8243; style=\u00bb3&#8243;][vc_accordion_tab title=\u00bbGINEBRAS\u00bb][vc_column_text] TANQUERAY \u00a05,00 \u20ac TANQUERAY SEVILLA \u00a05,00 \u20ac LARIOS \u00a05,00 \u20ac BEEFETER \u00a05,00 \u20ac GORDON\u00b4S \u00a05,00&hellip;<\/p>\n","protected":false},"author":1,"featured_media":0,"parent":0,"menu_order":0,"comment_status":"closed","ping_status":"closed","template":"template-microsite.php","meta":[],"_links":{"self":[{"href":"https:\/\/nomadspro.com\/cartas\/wp-json\/wp\/v2\/pages\/818"}],"collection":[{"href":"https:\/\/nomadspro.com\/cartas\/wp-json\/wp\/v2\/pages"}],"about":[{"href":"https:\/\/nomadspro.com\/cartas\/wp-json\/wp\/v2\/types\/page"}],"author":[{"embeddable":true,"href":"https:\/\/nomadspro.com\/cartas\/wp-json\/wp\/v2\/users\/1"}],"replies":[{"embeddable":true,"href":"https:\/\/nomadspro.com\/cartas\/wp-json\/wp\/v2\/comments?post=818"}],"version-history":[{"count":55,"href":"https:\/\/nomadspro.com\/cartas\/wp-json\/wp\/v2\/pages\/818\/revisions"}],"predecessor-version":[{"id":892,"href":"https:\/\/nomadspro.com\/cartas\/wp-json\/wp\/v2\/pages\/818\/revisions\/892"}],"wp:attachment":[{"href":"https:\/\/nomadspro.com\/cartas\/wp-json\/wp\/v2\/media?parent=818"}],"curies":[{"name":"wp","href":"https:\/\/api.w.org\/{rel}","templated":true}]}}