{"id":768,"date":"2020-08-31T13:53:08","date_gmt":"2020-08-31T13:53:08","guid":{"rendered":"https:\/\/nomadspro.com\/cartas\/?page_id=768"},"modified":"2020-09-02T10:19:17","modified_gmt":"2020-09-02T10:19:17","slug":"hotel-ma-sevilla-congresos-piscina","status":"publish","type":"page","link":"https:\/\/nomadspro.com\/cartas\/hotel-ma-sevilla-congresos-piscina\/","title":{"rendered":"HOTEL MA SEVILLA CONGRESOS PISCINA"},"content":{"rendered":"<p>[vc_row el_class=\u00bbcarta\u00bb css=\u00bb.vc_custom_1589199146527{margin-top: 10px !important;padding-bottom: 40px !important;background-color: #ffffff !important;}\u00bb][vc_column css=\u00bb.vc_custom_1599041579028{margin-top: 0px !important;margin-right: 0px !important;margin-bottom: -55px !important;margin-left: 0px !important;border-top-width: 0px !important;border-right-width: 0px !important;border-left-width: 0px !important;padding-top: 0px !important;padding-right: 0px !important;padding-left: 0px !important;}\u00bb][vc_single_image image=\u00bb680&#8243; img_size=\u00bbfull\u00bb][vc_custom_heading text=\u00bbNUESTRA CARTA DE PISCINA\u00bb font_container=\u00bbtag:h2|font_size:24PX|text_align:center|color:%2302294a|line_height:32PX\u00bb google_fonts=\u00bbfont_family:Montserrat%3Aregular%2C700|font_style:700%20bold%20regular%3A700%3Anormal\u00bb][vc_empty_space height=\u00bb40px\u00bb][\/vc_column][\/vc_row][vc_row el_class=\u00bbcarta\u00bb css=\u00bb.vc_custom_1598379493507{margin-top: 10px !important;background-color: #ffffff !important;}\u00bb][vc_column][vc_accordion active_tab=\u00bbfalse\u00bb collapsible=\u00bbyes\u00bb][vc_accordion_tab title=\u00bbENTRANTES Y ENSALADAS\u00bb][vc_column_text]<\/p>\n<table style=\"border-collapse: collapse; width: 100%;\" border=\"1\">\n<tbody>\n<tr>\n<td style=\"width: 72.6451%; text-align: center;\"><\/td>\n<td style=\"width: 14.6657%; text-align: center; background-color: #02294a;\"><span style=\"color: #ffffff;\"><strong>1\/2 RACI\u00d3N<\/strong><\/span><\/td>\n<td style=\"width: 12.6891%; text-align: center; background-color: #02294a;\"><span style=\"color: #ffffff;\"><strong>RACI\u00d3N<\/strong><\/span><\/td>\n<\/tr>\n<tr>\n<td style=\"width: 72.6451%; text-align: left;\">TABLA DE QUESOS NACIONALES<\/td>\n<td style=\"width: 14.6657%; text-align: center;\">8,00 \u20ac<\/td>\n<td style=\"width: 12.6891%; text-align: center;\">14,00 \u20ac<\/td>\n<\/tr>\n<tr>\n<td style=\"width: 72.6451%; text-align: left;\">NUESTRAS CROQUETAS CASERAS<\/td>\n<td style=\"width: 14.6657%; text-align: center;\">6,00 \u20ac<\/td>\n<td style=\"width: 12.6891%; text-align: center;\">10,00 \u20ac<\/td>\n<\/tr>\n<tr>\n<td style=\"width: 72.6451%; text-align: left;\">SALMOREJO CON PICADA DE JAM\u00d3N Y HUEVO<\/td>\n<td style=\"width: 14.6657%; text-align: center;\"><\/td>\n<td style=\"width: 12.6891%; text-align: center;\">7,00 \u20ac<\/td>\n<\/tr>\n<tr>\n<td style=\"width: 72.6451%; text-align: left;\">ENSALADA MEDITERR\u00c1NEA<\/td>\n<td style=\"width: 14.6657%; text-align: center;\"><\/td>\n<td style=\"width: 12.6891%; text-align: center;\">7,00 \u20ac<\/td>\n<\/tr>\n<tr>\n<td style=\"width: 72.6451%; text-align: left;\">MEN\u00da DEL D\u00cdA (TAPA FR\u00cdA, PLATO PRINCIPAL, POSTRE Y CAF\u00c9)<\/td>\n<td style=\"width: 14.6657%; text-align: center;\"><\/td>\n<td style=\"width: 12.6891%; text-align: center;\">9,00 \u20ac<\/td>\n<\/tr>\n<tr>\n<td style=\"width: 72.6451%; text-align: left;\">PECHUGA DE POLLO CON PATATAS O ENSALADA<\/td>\n<td style=\"width: 14.6657%; text-align: center;\"><\/td>\n<td style=\"width: 12.6891%; text-align: center;\">7,00 \u20ac<\/td>\n<\/tr>\n<tr>\n<td style=\"width: 72.6451%; text-align: left;\">PESCADO DEL D\u00cdA<\/td>\n<td style=\"width: 14.6657%; text-align: center;\"><\/td>\n<td style=\"width: 12.6891%; text-align: center;\">7,00 \u20ac<\/td>\n<\/tr>\n<tr>\n<td style=\"width: 72.6451%; text-align: left;\">TAPA DEL D\u00cdA<\/td>\n<td style=\"width: 14.6657%; text-align: center;\"><\/td>\n<td style=\"width: 12.6891%; text-align: center;\">2,50 \u20ac<\/td>\n<\/tr>\n<\/tbody>\n<\/table>\n<p>[\/vc_column_text][\/vc_accordion_tab][vc_accordion_tab title=\u00bbS\u00c1NDWICHES \/ BOCADILLOS \/ HAMBURGUESAS\u00bb][vc_column_text]<\/p>\n<table style=\"border-collapse: collapse; width: 100%;\" border=\"1\">\n<tbody>\n<tr>\n<td style=\"width: 72.6451%; text-align: left;\">CLUB (pollo, jam\u00f3n cocido, bacon, huevo plancha, tomate y lechuga)<\/td>\n<td style=\"width: 12.6891%; text-align: center;\">9,00 \u20ac<\/td>\n<\/tr>\n<tr>\n<td style=\"width: 72.6451%; text-align: left;\">MIXTO (jam\u00f3n cocido, queso en lonchas y mantequilla)<\/td>\n<td style=\"width: 12.6891%; text-align: center;\">6,00 \u20ac<\/td>\n<\/tr>\n<tr>\n<td style=\"width: 72.6451%; text-align: left;\">VEGETAL DE AT\u00daN (tomate, lechuga, pepino, huevo y at\u00fan)<\/td>\n<td style=\"width: 12.6891%; text-align: center;\">7,00 \u20ac<\/td>\n<\/tr>\n<tr>\n<td style=\"width: 72.6451%; text-align: left;\">VEGETAL (Tomate, lechuga, pepino y huevo)<\/td>\n<td style=\"width: 12.6891%; text-align: center;\">7,50 \u20ac<\/td>\n<\/tr>\n<tr>\n<td style=\"width: 72.6451%; text-align: left;\">HAMBURGUESA (ternera, tomate, cebolla, bacon, huevo y queso)<\/td>\n<td style=\"width: 12.6891%; text-align: center;\">10,00 \u20ac<\/td>\n<\/tr>\n<tr>\n<td style=\"width: 72.6451%; text-align: left;\">BOCADILLO SERRANO (lomo asado, pimiento, huevo y jam\u00f3n)<\/td>\n<td style=\"width: 12.6891%; text-align: center;\">8,00 \u20ac<\/td>\n<\/tr>\n<\/tbody>\n<\/table>\n<p><span style=\"font-size: 8pt;\"><strong>NOTA:<\/strong> SERVIDOS CON PATATAS Y ENSALADAS<\/span>[\/vc_column_text][\/vc_accordion_tab][vc_accordion_tab title=\u00bbPIZZAS\u00bb][vc_column_text]<\/p>\n<table style=\"border-collapse: collapse; width: 100%;\" border=\"1\">\n<tbody>\n<tr>\n<td style=\"width: 72.6451%; text-align: left;\">MARGARITA (tomate, mozzarella)<\/td>\n<td style=\"width: 12.6891%; text-align: center;\">9,00 \u20ac<\/td>\n<\/tr>\n<tr>\n<td style=\"width: 72.6451%; text-align: left;\">CUATRO QUESOS (tomate, mozzarella y 4 tipos de quesos)<\/td>\n<td style=\"width: 12.6891%; text-align: center;\">9,00 \u20ac<\/td>\n<\/tr>\n<tr>\n<td style=\"width: 72.6451%; text-align: left;\">PROSCIUTTO (tomate, mozzarella y jam\u00f3n york)<\/td>\n<td style=\"width: 12.6891%; text-align: center;\">9,00 \u20ac<\/td>\n<\/tr>\n<tr>\n<td style=\"width: 72.6451%; text-align: left;\">AT\u00daN CON CEBOLLA (tomate, mozzarella, at\u00fan y cebolla)<\/td>\n<td style=\"width: 12.6891%; text-align: center;\">9,00 \u20ac<\/td>\n<\/tr>\n<tr>\n<td style=\"width: 72.6451%; text-align: left;\">VEGETARIANA (tomate, mozzarella, pimiento, calabac\u00edn)<\/td>\n<td style=\"width: 12.6891%; text-align: center;\">9,00 \u20ac<\/td>\n<\/tr>\n<\/tbody>\n<\/table>\n<p>[\/vc_column_text][\/vc_accordion_tab][vc_accordion_tab title=\u00bbDESAYUNOS\u00bb][vc_column_text]<\/p>\n<table style=\"border-collapse: collapse; width: 100%;\" border=\"1\">\n<tbody>\n<tr>\n<td style=\"width: 65.3977%; text-align: left;\"><span style=\"font-size: 8pt;\">CAFE,INFUSIONES,COLACAO,DESCAFEINADO<\/span><\/td>\n<td style=\"width: 19.9365%; text-align: center;\"><span style=\"font-size: 10pt;\">1,50 \u20ac<\/span><\/td>\n<\/tr>\n<tr>\n<td style=\"width: 65.3977%; text-align: left;\"><span style=\"font-size: 8pt;\">ZUMO NATURAL DE NARANJA<\/span><\/td>\n<td style=\"width: 19.9365%; text-align: center;\"><span style=\"font-size: 10pt;\">2,50 \u20ac<\/span><\/td>\n<\/tr>\n<tr>\n<td style=\"width: 65.3977%; text-align: left;\"><span style=\"font-size: 8pt;\">TOSTADA SIMPLE (aceite,mantequilla,mermelada,pate,sobrasada)<\/span><\/td>\n<td style=\"width: 19.9365%; text-align: center;\"><span style=\"font-size: 10pt;\">1,50 \u20ac<\/span><\/td>\n<\/tr>\n<tr>\n<td style=\"width: 65.3977%; text-align: left;\"><span style=\"font-size: 8pt;\">TOSTADA COMPLETA (jamon serrano,pavo,queso,york&#8230;)<\/span><\/td>\n<td style=\"width: 19.9365%; text-align: center;\"><span style=\"font-size: 10pt;\">2,50 \u20ac<\/span><\/td>\n<\/tr>\n<tr>\n<td style=\"width: 65.3977%; text-align: left;\"><span style=\"font-size: 8pt;\">BOLLER\u00cdA DEL D\u00cdA<\/span><\/td>\n<td style=\"width: 19.9365%; text-align: center;\"><span style=\"font-size: 10pt;\">0,80 \u20ac<\/span><\/td>\n<\/tr>\n<\/tbody>\n<\/table>\n<p>[\/vc_column_text][\/vc_accordion_tab][vc_accordion_tab title=\u00bbBEBIDAS\u00bb][vc_column_text]<\/p>\n<table style=\"border-collapse: collapse; width: 100%;\" border=\"1\">\n<tbody>\n<tr>\n<td style=\"width: 72.6451%; text-align: left;\">AGUA MINERAL DE \u00bd LITRO CON O SIN GAS<\/td>\n<td style=\"width: 12.6891%; text-align: center;\">2,00 \u20ac<\/td>\n<\/tr>\n<tr>\n<td style=\"width: 72.6451%; text-align: left;\">AGUA MINERAL DE 1 LITRO<\/td>\n<td style=\"width: 12.6891%; text-align: center;\">2,50 \u20ac<\/td>\n<\/tr>\n<tr>\n<td style=\"width: 72.6451%; text-align: left;\">AGUA MINERAL DE \u00bd LITRO PL\u00c1STICO<\/td>\n<td style=\"width: 12.6891%; text-align: center;\">1,50 \u20ac<\/td>\n<\/tr>\n<tr>\n<td style=\"width: 72.6451%; text-align: left;\">REFRESCOS Y ZUMOS<\/td>\n<td style=\"width: 12.6891%; text-align: center;\">2,00 \u20ac<\/td>\n<\/tr>\n<tr>\n<td style=\"width: 72.6451%; text-align: left;\">COPA DE CERVEZA DE TIRADOR<\/td>\n<td style=\"width: 12.6891%; text-align: center;\">3,00 \u20ac<\/td>\n<\/tr>\n<tr>\n<td style=\"width: 72.6451%; text-align: left;\">BOTELLA \u00bc ESTRELLA GALICIA<\/td>\n<td style=\"width: 12.6891%; text-align: center;\">2,00 \u20ac<\/td>\n<\/tr>\n<tr>\n<td style=\"width: 72.6451%; text-align: left;\">BOTELLA \u2153 ESTRELLA GALICIA CON O SIN<\/td>\n<td style=\"width: 12.6891%; text-align: center;\">2,50 \u20ac<\/td>\n<\/tr>\n<tr>\n<td style=\"width: 72.6451%; text-align: left;\">BOTELLA \u2153 ALHAMBRA<\/td>\n<td style=\"width: 12.6891%; text-align: center;\">3,00 \u20ac<\/td>\n<\/tr>\n<tr>\n<td style=\"width: 72.6451%; text-align: left;\">BOTELLA \u2153 CARLSBERG<\/td>\n<td style=\"width: 12.6891%; text-align: center;\">3,00 \u20ac<\/td>\n<\/tr>\n<tr>\n<td style=\"width: 72.6451%; text-align: left;\">COPA VINO RIOJA O RIBERA<\/td>\n<td style=\"width: 12.6891%; text-align: center;\">3,50 \u20ac<\/td>\n<\/tr>\n<tr>\n<td style=\"width: 72.6451%; text-align: left;\">COPA VINO BLANCO SECO O SEMISECO<\/td>\n<td style=\"width: 12.6891%; text-align: center;\">3,30 \u20ac<\/td>\n<\/tr>\n<tr>\n<td style=\"width: 72.6451%; text-align: left;\">COPA VINO ROSADO<\/td>\n<td style=\"width: 12.6891%; text-align: center;\">3,30 \u20ac<\/td>\n<\/tr>\n<tr>\n<td style=\"width: 72.6451%; text-align: left;\">BOTELLA RIOJA O RIBERA<\/td>\n<td style=\"width: 12.6891%; text-align: center;\">15,00 \u20ac<\/td>\n<\/tr>\n<tr>\n<td style=\"width: 72.6451%; text-align: left;\">BOTELLA VINO BLANCO<\/td>\n<td style=\"width: 12.6891%; text-align: center;\">14,00 \u20ac<\/td>\n<\/tr>\n<tr>\n<td style=\"width: 72.6451%; text-align: left;\">BOTELLA VINO ROSADO<\/td>\n<td style=\"width: 12.6891%; text-align: center;\">14,00 \u20ac<\/td>\n<\/tr>\n<\/tbody>\n<\/table>\n<p>[\/vc_column_text][\/vc_accordion_tab][vc_accordion_tab title=\u00bbCOMBINADOS DE GINEBRA\u00bb][vc_column_text]<\/p>\n<table style=\"border-collapse: collapse; width: 100%;\" border=\"1\">\n<tbody>\n<tr>\n<td style=\"width: 72.6451%; text-align: left;\">BEEFEATER, TANQUERAY, LARIOS, BOMBAY<\/td>\n<td style=\"width: 12.6891%; text-align: center;\">6,00 \u20ac<\/td>\n<\/tr>\n<tr>\n<td style=\"width: 72.6451%; text-align: left;\">SEAGRAMS ,PUERTO INDIAS, SAPPHIRE<\/td>\n<td style=\"width: 12.6891%; text-align: center;\">7,00 \u20ac<\/td>\n<\/tr>\n<tr>\n<td style=\"width: 72.6451%; text-align: left;\">HENDRICKS, MARTIN MILLERS, COOL<\/td>\n<td style=\"width: 12.6891%; text-align: center;\">9,00 \u20ac<\/td>\n<\/tr>\n<tr>\n<td style=\"width: 72.6451%; text-align: left;\">LONDON, 1211, G`VINE FLORASION<\/td>\n<td style=\"width: 12.6891%; text-align: center;\">10,00 \u20ac<\/td>\n<\/tr>\n<\/tbody>\n<\/table>\n<p>[\/vc_column_text][\/vc_accordion_tab][vc_accordion_tab title=\u00bbCOMBINADOS DE RON\u00bb][vc_column_text]<\/p>\n<table style=\"border-collapse: collapse; width: 100%;\" border=\"1\">\n<tbody>\n<tr>\n<td style=\"width: 72.6451%; text-align: left;\">CACIQUE ,BRUGAL, BACARDI<\/td>\n<td style=\"width: 12.6891%; text-align: center;\">6,50 \u20ac<\/td>\n<\/tr>\n<tr>\n<td style=\"width: 72.6451%; text-align: left;\">BARCELO, LEGENDARIO<\/td>\n<td style=\"width: 12.6891%; text-align: center;\">6,50 \u20ac<\/td>\n<\/tr>\n<tr>\n<td style=\"width: 72.6451%; text-align: left;\">HABANA CLUB 7, SANTA TERESA<\/td>\n<td style=\"width: 12.6891%; text-align: center;\">7,50 \u20ac<\/td>\n<\/tr>\n<\/tbody>\n<\/table>\n<p>[\/vc_column_text][\/vc_accordion_tab][vc_accordion_tab title=\u00bbCOMBINADOS DE WHISKY\u00bb][vc_column_text]<\/p>\n<table style=\"border-collapse: collapse; width: 100%;\" border=\"1\">\n<tbody>\n<tr>\n<td style=\"width: 72.6451%; text-align: left;\">WHITE LABEL, BALLANTINES ,JB, JOHNNIE RED<\/td>\n<td style=\"width: 12.6891%; text-align: center;\">6,00 \u20ac<\/td>\n<\/tr>\n<tr>\n<td style=\"width: 72.6451%; text-align: left;\">JOHNNIE BLACK, JACK DANIEL, JAMESON\u2026<\/td>\n<td style=\"width: 12.6891%; text-align: center;\">8,00 \u20ac<\/td>\n<\/tr>\n<tr>\n<td style=\"width: 72.6451%; text-align: left;\">CARDHU, CHIVAS<\/td>\n<td style=\"width: 12.6891%; text-align: center;\">9,00 \u20ac<\/td>\n<\/tr>\n<\/tbody>\n<\/table>\n<p>[\/vc_column_text][\/vc_accordion_tab][\/vc_accordion][\/vc_column][\/vc_row][vc_row bg_type=\u00bbimage\u00bb parallax_style=\u00bbvcpb-default\u00bb enable_overlay=\u00bbenable_overlay_value\u00bb overlay_color=\u00bbrgba(0,0,0,0.3)\u00bb el_class=\u00bbcarta\u00bb css=\u00bb.vc_custom_1599041761123{margin-top: 20px !important;}\u00bb][vc_column][vc_btn title=\u00bbVER RESTO DE CARTAS\u00bb style=\u00bbcustom\u00bb custom_background=\u00bb#022746&#8243; custom_text=\u00bb#ffffff\u00bb size=\u00bblg\u00bb align=\u00bbcenter\u00bb][\/vc_column][\/vc_row][vc_row el_class=\u00bbcarta\u00bb css=\u00bb.vc_custom_1598370354806{margin-top: 20px !important;}\u00bb][vc_column]<div class=\" vc_custom_1589267904265 uavc-icons-center uavc-icons \">\n<a class=\"aio-tooltip 69d2b425950a3\" href=\"https:\/\/www.facebook.com\/Hotel-MA-Sevilla-Congresos-459578920832767\/\" target=\"_blank\" rel=\"noopener\"  data-toggle=\"tooltip\" data-placement=\"\" title=\"\"><div class=\"aio-icon circle \" data-animation=\"\" data-animation-delay=\"03\" style=\"color:#ffffff;background:#4267b2;font-size:24px;margin-right:7px;\">\n\t<i class=\"icomoon-the7-font-facebook\"><\/i>\n<\/div><\/a>\n<a class=\"aio-tooltip 69d2b42595110\" href=\"tel:+34954259000\" target=\"_blank\" rel=\"noopener\"  data-toggle=\"tooltip\" data-placement=\"\" title=\"\"><div class=\"aio-icon circle \" data-animation=\"\" data-animation-delay=\"03\" style=\"color:#ffffff;background:#b71c1c;font-size:24px;margin-right:7px;\">\n\t<i class=\"icomoon-the7-font-the7-phone-05\"><\/i>\n<\/div><\/a>\n<a class=\"aio-tooltip 69d2b42595139\" href=\"https:\/\/www.hotelsevillacongresos.com\/\" target=\"_blank\" rel=\"noopener\"  data-toggle=\"tooltip\" data-placement=\"\" title=\"\"><div class=\"aio-icon circle \" data-animation=\"\" data-animation-delay=\"03\" style=\"color:#ffffff;background:#72d62a;font-size:24px;margin-right:7px;\">\n\t<i class=\"icomoon-the7-font-the7-link-00\"><\/i>\n<\/div><\/a>\n<a class=\"aio-tooltip 69d2b4259515f\" href=\"https:\/\/www.google.com\/maps\/dir\/\/Av.+Alcalde+Luis+Uru%C3%B1uela,+2,+41020+Sevilla\/@37.4056307,-5.9322212,17z\/data=!4m9!4m8!1m0!1m5!1m1!1s0xd1268cd50bf2dc5:0xc3979417f2eb889e!2m2!1d-5.9300325!2d37.4056307!3e0\" target=\"_blank\" rel=\"noopener\"  data-toggle=\"tooltip\" data-placement=\"\" title=\"\"><div class=\"aio-icon circle \" data-animation=\"\" data-animation-delay=\"03\" style=\"color:#ffffff;background:#333333;font-size:24px;margin-right:7px;\">\n\t<i class=\"icomoon-the7-font-the7-map-02\"><\/i>\n<\/div><\/a><\/div>[\/vc_column][\/vc_row]<\/p>\n","protected":false},"excerpt":{"rendered":"<p>[vc_row el_class=\u00bbcarta\u00bb css=\u00bb.vc_custom_1589199146527{margin-top: 10px !important;padding-bottom: 40px !important;background-color: #ffffff !important;}\u00bb][vc_column css=\u00bb.vc_custom_1599041579028{margin-top: 0px !important;margin-right: 0px !important;margin-bottom: -55px !important;margin-left: 0px !important;border-top-width: 0px !important;border-right-width: 0px !important;border-left-width: 0px !important;padding-top: 0px !important;padding-right: 0px !important;padding-left: 0px !important;}\u00bb][vc_single_image image=\u00bb680&#8243; img_size=\u00bbfull\u00bb][vc_custom_heading text=\u00bbNUESTRA CARTA DE PISCINA\u00bb font_container=\u00bbtag:h2|font_size:24PX|text_align:center|color:%2302294a|line_height:32PX\u00bb google_fonts=\u00bbfont_family:Montserrat%3Aregular%2C700|font_style:700%20bold%20regular%3A700%3Anormal\u00bb][vc_empty_space height=\u00bb40px\u00bb][\/vc_column][\/vc_row][vc_row el_class=\u00bbcarta\u00bb css=\u00bb.vc_custom_1598379493507{margin-top: 10px !important;background-color: #ffffff !important;}\u00bb][vc_column][vc_accordion active_tab=\u00bbfalse\u00bb collapsible=\u00bbyes\u00bb][vc_accordion_tab title=\u00bbENTRANTES Y ENSALADAS\u00bb][vc_column_text] 1\/2 RACI\u00d3N RACI\u00d3N TABLA DE&hellip;<\/p>\n","protected":false},"author":1,"featured_media":0,"parent":0,"menu_order":0,"comment_status":"closed","ping_status":"closed","template":"template-microsite.php","meta":[],"_links":{"self":[{"href":"https:\/\/nomadspro.com\/cartas\/wp-json\/wp\/v2\/pages\/768"}],"collection":[{"href":"https:\/\/nomadspro.com\/cartas\/wp-json\/wp\/v2\/pages"}],"about":[{"href":"https:\/\/nomadspro.com\/cartas\/wp-json\/wp\/v2\/types\/page"}],"author":[{"embeddable":true,"href":"https:\/\/nomadspro.com\/cartas\/wp-json\/wp\/v2\/users\/1"}],"replies":[{"embeddable":true,"href":"https:\/\/nomadspro.com\/cartas\/wp-json\/wp\/v2\/comments?post=768"}],"version-history":[{"count":8,"href":"https:\/\/nomadspro.com\/cartas\/wp-json\/wp\/v2\/pages\/768\/revisions"}],"predecessor-version":[{"id":799,"href":"https:\/\/nomadspro.com\/cartas\/wp-json\/wp\/v2\/pages\/768\/revisions\/799"}],"wp:attachment":[{"href":"https:\/\/nomadspro.com\/cartas\/wp-json\/wp\/v2\/media?parent=768"}],"curies":[{"name":"wp","href":"https:\/\/api.w.org\/{rel}","templated":true}]}}