{"id":668,"date":"2020-08-25T14:51:46","date_gmt":"2020-08-25T14:51:46","guid":{"rendered":"https:\/\/nomadspro.com\/cartas\/?page_id=668"},"modified":"2020-09-02T10:07:30","modified_gmt":"2020-09-02T10:07:30","slug":"sevilla-congresos","status":"publish","type":"page","link":"https:\/\/nomadspro.com\/cartas\/sevilla-congresos\/","title":{"rendered":"HOTEL MA SEVILLA CONGRESOS"},"content":{"rendered":"<p>[vc_row el_class=\u00bbcarta\u00bb css=\u00bb.vc_custom_1589199146527{margin-top: 10px !important;padding-bottom: 40px !important;background-color: #ffffff !important;}\u00bb][vc_column css=\u00bb.vc_custom_1599040913761{margin-top: 0px !important;margin-right: 0px !important;margin-bottom: -55px !important;margin-left: 0px !important;border-top-width: 0px !important;border-right-width: 0px !important;border-left-width: 0px !important;padding-top: 0px !important;padding-right: 0px !important;padding-left: 0px !important;}\u00bb][vc_single_image image=\u00bb686&#8243; img_size=\u00bbfull\u00bb css=\u00bb.vc_custom_1599041159493{margin-right: 0px !important;margin-left: 0px !important;border-right-width: 0px !important;border-left-width: 0px !important;padding-right: 0px !important;padding-left: 0px !important;}\u00bb][vc_custom_heading text=\u00bbNUESTRA OFERTA GASTRON\u00d3MICA\u00bb font_container=\u00bbtag:h2|font_size:24PX|text_align:center|color:%2302294a|line_height:32PX\u00bb google_fonts=\u00bbfont_family:Montserrat%3Aregular%2C700|font_style:700%20bold%20regular%3A700%3Anormal\u00bb][vc_column_text]<\/p>\n<h6 style=\"text-align: center;\">Desde esta p\u00e1gina acceder\u00e1 a la oferta gastron\u00f3mica que podr\u00e1 disfrutar en los diferentes espacios del<\/h6>\n<h6 style=\"text-align: center;\"><strong><span style=\"color: #333399;\">MA Sevilla Congresos<\/span><\/strong><\/h6>\n<p>[\/vc_column_text][\/vc_column][\/vc_row][vc_row el_class=\u00bbcarta\u00bb css=\u00bb.vc_custom_1598369813477{margin-top: -20px !important;}\u00bb][vc_column css=\u00bb.vc_custom_1598370002532{background-color: #ffffff !important;}\u00bb][vc_single_image image=\u00bb675&#8243; img_size=\u00bb300&#215;200&#8243; alignment=\u00bbcenter\u00bb onclick=\u00bbcustom_link\u00bb link=\u00bbhttps:\/\/nomadspro.com\/cartas\/sevilla-congresos-cafeteria\/\u00bb]<div class=\" vc_custom_1598369420411 ubtn-ctn-center \"><a class=\"ubtn-link ult-adjust-bottom-margin ubtn-center ubtn-custom \" href=\"https:\/\/nomadspro.com\/cartas\/sevilla-congresos-cafeteria\/\" title=\"HOTEL MA SEVILLA CONGRESOS CAFETERIA\" ><button type=\"button\" id=\"ubtn-4597\"  class=\"ubtn ult-adjust-bottom-margin ult-responsive ubtn-custom ubtn-fade-bg  none  ubtn-center   tooltip-69d29cb17c009\"  data-hover=\"#02294a\" data-border-color=\"#02294a\" data-bg=\"#02294a\" data-hover-bg=\"#ffffff\" data-border-hover=\"\" data-shadow-hover=\"\" data-shadow-click=\"none\" data-shadow=\"\" data-shd-shadow=\"\"  data-ultimate-target='#ubtn-4597'  data-responsive-json-new='{\"font-size\":\"desktop:20px;\",\"line-height\":\"desktop:20px;\"}'  style=\"font-family:&#039;Oswald&#039;;font-weight:600;width:300px;min-height:50px;padding:px px;border-radius:3px;border-width:1px;border-color:#02294a;border-style:solid;background: #02294a;color: #ffffff;\"><span class=\"ubtn-hover\" style=\"background-color:#ffffff\"><\/span><span class=\"ubtn-data ubtn-text \" >CAFETER\u00cdA<\/span><\/button><\/a><\/div>[vc_single_image image=\u00bb677&#8243; img_size=\u00bb300&#215;200&#8243; alignment=\u00bbcenter\u00bb onclick=\u00bbcustom_link\u00bb link=\u00bbhttps:\/\/nomadspro.com\/cartas\/hotel-ma-sevilla-congresos-restaurante\/\u00bb]<div class=\" vc_custom_1598447231031 ubtn-ctn-center \"><a class=\"ubtn-link ult-adjust-bottom-margin ubtn-center ubtn-custom \" href=\"https:\/\/nomadspro.com\/cartas\/hotel-ma-sevilla-congresos-restaurante\/\" title=\"HOTEL MA SEVILLA CONGRESOS RESTAURANTE\" target=\"_blank\" rel=\"noopener\" ><button type=\"button\" id=\"ubtn-8699\"  class=\"ubtn ult-adjust-bottom-margin ult-responsive ubtn-custom ubtn-fade-bg  none  ubtn-center   tooltip-69d29cb17c16b\"  data-hover=\"#02294a\" data-border-color=\"#02294a\" data-bg=\"#02294a\" data-hover-bg=\"#ffffff\" data-border-hover=\"\" data-shadow-hover=\"\" data-shadow-click=\"none\" data-shadow=\"\" data-shd-shadow=\"\"  data-ultimate-target='#ubtn-8699'  data-responsive-json-new='{\"font-size\":\"desktop:20px;\",\"line-height\":\"desktop:20px;\"}'  style=\"font-family:&#039;Oswald&#039;;font-weight:600;width:300px;min-height:50px;padding:px px;border-radius:3px;border-width:1px;border-color:#02294a;border-style:solid;background: #02294a;color: #ffffff;\"><span class=\"ubtn-hover\" style=\"background-color:#ffffff\"><\/span><span class=\"ubtn-data ubtn-text \" >RESTAURANTE<\/span><\/button><\/a><\/div>[vc_single_image image=\u00bb680&#8243; img_size=\u00bb300&#215;200&#8243; alignment=\u00bbcenter\u00bb onclick=\u00bbcustom_link\u00bb link=\u00bbhttps:\/\/nomadspro.com\/cartas\/hotel-ma-sevilla-congresos-piscina\/\u00bb]<div class=\" vc_custom_1598883333868 ubtn-ctn-center \"><a class=\"ubtn-link ult-adjust-bottom-margin ubtn-center ubtn-custom \" href=\"https:\/\/nomadspro.com\/cartas\/hotel-ma-sevilla-congresos-piscina\/\" title=\"HOTEL MA SEVILLA CONGRESOS CAFETERIA\" ><button type=\"button\" id=\"ubtn-8578\"  class=\"ubtn ult-adjust-bottom-margin ult-responsive ubtn-custom ubtn-fade-bg  none  ubtn-center   tooltip-69d29cb17c1f9\"  data-hover=\"#02294a\" data-border-color=\"#02294a\" data-bg=\"#02294a\" data-hover-bg=\"#ffffff\" data-border-hover=\"\" data-shadow-hover=\"\" data-shadow-click=\"none\" data-shadow=\"\" data-shd-shadow=\"\"  data-ultimate-target='#ubtn-8578'  data-responsive-json-new='{\"font-size\":\"desktop:20px;\",\"line-height\":\"desktop:20px;\"}'  style=\"font-family:&#039;Oswald&#039;;font-weight:600;width:300px;min-height:50px;padding:px px;border-radius:3px;border-width:1px;border-color:#02294a;border-style:solid;background: #02294a;color: #ffffff;\"><span class=\"ubtn-hover\" style=\"background-color:#ffffff\"><\/span><span class=\"ubtn-data ubtn-text \" >PISCINA<\/span><\/button><\/a><\/div>[vc_single_image image=\u00bb679&#8243; img_size=\u00bb300&#215;200&#8243; alignment=\u00bbcenter\u00bb onclick=\u00bbcustom_link\u00bb link=\u00bbhttps:\/\/nomadspro.com\/cartas\/hotel-ma-sevilla-congresos-room-service\/\u00bb]<div class=\" vc_custom_1598883369325 ubtn-ctn-center \"><a class=\"ubtn-link ult-adjust-bottom-margin ubtn-center ubtn-custom \" href=\"https:\/\/nomadspro.com\/cartas\/hotel-ma-sevilla-congresos-room-service\/\" title=\"HOTEL MA SEVILLA CONGRESOS CAFETERIA\" ><button type=\"button\" id=\"ubtn-4284\"  class=\"ubtn ult-adjust-bottom-margin ult-responsive ubtn-custom ubtn-fade-bg  none  ubtn-center   tooltip-69d29cb17c27a\"  data-hover=\"#02294a\" data-border-color=\"#02294a\" data-bg=\"#02294a\" data-hover-bg=\"#ffffff\" data-border-hover=\"\" data-shadow-hover=\"\" data-shadow-click=\"none\" data-shadow=\"\" data-shd-shadow=\"\"  data-ultimate-target='#ubtn-4284'  data-responsive-json-new='{\"font-size\":\"desktop:20px;\",\"line-height\":\"desktop:20px;\"}'  style=\"font-family:&#039;Oswald&#039;;font-weight:600;width:300px;min-height:50px;padding:px px;border-radius:3px;border-width:1px;border-color:#02294a;border-style:solid;background: #02294a;color: #ffffff;\"><span class=\"ubtn-hover\" style=\"background-color:#ffffff\"><\/span><span class=\"ubtn-data ubtn-text \" >ROOM SERVICE<\/span><\/button><\/a><\/div>[\/vc_column][\/vc_row][vc_row bg_type=\u00bbimage\u00bb parallax_style=\u00bbvcpb-default\u00bb bg_image_new=\u00bbid^697|url^https:\/\/nomadspro.com\/cartas\/wp-content\/uploads\/2020\/08\/fondo-2.png|caption^null|alt^null|title^fondo 2|description^null\u00bb bg_image_repeat=\u00bbno-repeat\u00bb enable_overlay=\u00bbenable_overlay_value\u00bb overlay_color=\u00bbrgba(0,0,0,0.3)\u00bb el_class=\u00bbcarta\u00bb css=\u00bb.vc_custom_1598376468380{margin-top: 20px !important;}\u00bb][vc_column css=\u00bb.vc_custom_1598374845279{border-right-width: -150px !important;padding-right: -150px !important;}\u00bb][vc_column_text css=\u00bb.vc_custom_1598374925646{border-right-width: -250px !important;}\u00bb]<\/p>\n<p style=\"text-align: center;\"><span style=\"color: #ffffff;\"><strong>Descargue nuestra HERRAMIENTA DIGITAL con todos los servicios que le ofrecemos y la mejor informaci\u00f3n tur\u00edstica de la ciudad.<\/strong><\/span><\/p>\n<p>[\/vc_column_text][vc_single_image image=\u00bb698&#8243; img_size=\u00bb200&#215;90&#8243; onclick=\u00bbcustom_link\u00bb img_link_target=\u00bb_blank\u00bb link=\u00bbhttps:\/\/www.nomadssevilla.com\/descargas\/hotelmasevillacongresos\/dossier-hotel-sevilla-congresos-es.pdf\u00bb][vc_single_image image=\u00bb699&#8243; img_size=\u00bb200&#215;90&#8243; onclick=\u00bbcustom_link\u00bb link=\u00bbhttps:\/\/www.nomadssevilla.com\/descargas\/hotelmasevillacongresos\/dossier-hotel-sevilla-congresos-en.pdf\u00bb][\/vc_column][\/vc_row][vc_row el_class=\u00bbcarta\u00bb css=\u00bb.vc_custom_1598370354806{margin-top: 20px !important;}\u00bb][vc_column]<div class=\" vc_custom_1589267904265 uavc-icons-center uavc-icons \">\n<a class=\"aio-tooltip 69d29cb17c620\" href=\"https:\/\/www.facebook.com\/Hotel-MA-Sevilla-Congresos-459578920832767\/\" target=\"_blank\" rel=\"noopener\"  data-toggle=\"tooltip\" data-placement=\"\" title=\"\"><div class=\"aio-icon circle \" data-animation=\"\" data-animation-delay=\"03\" style=\"color:#ffffff;background:#4267b2;font-size:24px;margin-right:7px;\">\n\t<i class=\"icomoon-the7-font-facebook\"><\/i>\n<\/div><\/a>\n<a class=\"aio-tooltip 69d29cb17c6aa\" href=\"tel:+34954259000\" target=\"_blank\" rel=\"noopener\"  data-toggle=\"tooltip\" data-placement=\"\" title=\"\"><div class=\"aio-icon circle \" data-animation=\"\" data-animation-delay=\"03\" style=\"color:#ffffff;background:#b71c1c;font-size:24px;margin-right:7px;\">\n\t<i class=\"icomoon-the7-font-the7-phone-05\"><\/i>\n<\/div><\/a>\n<a class=\"aio-tooltip 69d29cb17c6d7\" href=\"https:\/\/www.hotelsevillacongresos.com\/\" target=\"_blank\" rel=\"noopener\"  data-toggle=\"tooltip\" data-placement=\"\" title=\"\"><div class=\"aio-icon circle \" data-animation=\"\" data-animation-delay=\"03\" style=\"color:#ffffff;background:#72d62a;font-size:24px;margin-right:7px;\">\n\t<i class=\"icomoon-the7-font-the7-link-00\"><\/i>\n<\/div><\/a>\n<a class=\"aio-tooltip 69d29cb17c703\" href=\"https:\/\/www.google.com\/maps\/dir\/\/Av.+Alcalde+Luis+Uru%C3%B1uela,+2,+41020+Sevilla\/@37.4056307,-5.9322212,17z\/data=!4m9!4m8!1m0!1m5!1m1!1s0xd1268cd50bf2dc5:0xc3979417f2eb889e!2m2!1d-5.9300325!2d37.4056307!3e0\" target=\"_blank\" rel=\"noopener\"  data-toggle=\"tooltip\" data-placement=\"\" title=\"\"><div class=\"aio-icon circle \" data-animation=\"\" data-animation-delay=\"03\" style=\"color:#ffffff;background:#333333;font-size:24px;margin-right:7px;\">\n\t<i class=\"icomoon-the7-font-the7-map-02\"><\/i>\n<\/div><\/a><\/div>[\/vc_column][\/vc_row]<\/p>\n","protected":false},"excerpt":{"rendered":"<p>[vc_row el_class=\u00bbcarta\u00bb css=\u00bb.vc_custom_1589199146527{margin-top: 10px !important;padding-bottom: 40px !important;background-color: #ffffff !important;}\u00bb][vc_column css=\u00bb.vc_custom_1599040913761{margin-top: 0px !important;margin-right: 0px !important;margin-bottom: -55px !important;margin-left: 0px !important;border-top-width: 0px !important;border-right-width: 0px !important;border-left-width: 0px !important;padding-top: 0px !important;padding-right: 0px !important;padding-left: 0px !important;}\u00bb][vc_single_image image=\u00bb686&#8243; img_size=\u00bbfull\u00bb css=\u00bb.vc_custom_1599041159493{margin-right: 0px !important;margin-left: 0px !important;border-right-width: 0px !important;border-left-width: 0px !important;padding-right: 0px !important;padding-left: 0px !important;}\u00bb][vc_custom_heading text=\u00bbNUESTRA OFERTA GASTRON\u00d3MICA\u00bb font_container=\u00bbtag:h2|font_size:24PX|text_align:center|color:%2302294a|line_height:32PX\u00bb google_fonts=\u00bbfont_family:Montserrat%3Aregular%2C700|font_style:700%20bold%20regular%3A700%3Anormal\u00bb][vc_column_text] Desde esta p\u00e1gina acceder\u00e1 a&hellip;<\/p>\n","protected":false},"author":1,"featured_media":0,"parent":0,"menu_order":0,"comment_status":"closed","ping_status":"closed","template":"template-microsite.php","meta":[],"_links":{"self":[{"href":"https:\/\/nomadspro.com\/cartas\/wp-json\/wp\/v2\/pages\/668"}],"collection":[{"href":"https:\/\/nomadspro.com\/cartas\/wp-json\/wp\/v2\/pages"}],"about":[{"href":"https:\/\/nomadspro.com\/cartas\/wp-json\/wp\/v2\/types\/page"}],"author":[{"embeddable":true,"href":"https:\/\/nomadspro.com\/cartas\/wp-json\/wp\/v2\/users\/1"}],"replies":[{"embeddable":true,"href":"https:\/\/nomadspro.com\/cartas\/wp-json\/wp\/v2\/comments?post=668"}],"version-history":[{"count":29,"href":"https:\/\/nomadspro.com\/cartas\/wp-json\/wp\/v2\/pages\/668\/revisions"}],"predecessor-version":[{"id":789,"href":"https:\/\/nomadspro.com\/cartas\/wp-json\/wp\/v2\/pages\/668\/revisions\/789"}],"wp:attachment":[{"href":"https:\/\/nomadspro.com\/cartas\/wp-json\/wp\/v2\/media?parent=668"}],"curies":[{"name":"wp","href":"https:\/\/api.w.org\/{rel}","templated":true}]}}